{"id":1060,"date":"2016-07-21T12:54:51","date_gmt":"2016-07-21T10:54:51","guid":{"rendered":"http:\/\/aluminismontper.com\/techos-aluminio-cubiertas\/"},"modified":"2017-03-20T20:54:17","modified_gmt":"2017-03-20T19:54:17","slug":"sostres-dalumini-i-cobertes","status":"publish","type":"page","link":"https:\/\/aluminismontper.com\/ca\/sostres-dalumini-i-cobertes\/","title":{"rendered":"SOSTRES D&#8217;ALUMINI I COBERTES"},"content":{"rendered":"<div id=\"pl-1060\"  class=\"panel-layout\" ><div id=\"pg-1060-0\"  class=\"panel-grid panel-no-style\" ><div id=\"pgc-1060-0-0\"  class=\"panel-grid-cell\" ><div id=\"panel-1060-0-0-0\" class=\"so-panel widget widget_sow-headline panel-first-child\" data-index=\"0\" ><div\n\t\t\t\n\t\t\tclass=\"so-widget-sow-headline so-widget-sow-headline-default-338ea1108df4-1060\"\n\t\t\t\n\t\t><div class=\"sow-headline-container \">\n\t\t\t\t\t\t\t<h1 class=\"sow-headline\">\n\t\t\t\t\t\tSOSTRES D'ALUMINI I COBERTES\t\t\t\t\t\t<\/h1>\n\t\t\t\t\t\t\t\t\t\t\t<div class=\"decoration\">\n\t\t\t\t\t\t<div class=\"decoration-inside\"><\/div>\n\t\t\t\t\t<\/div>\n\t\t\t\t\t<\/div>\n<\/div><\/div><div id=\"panel-1060-0-0-1\" class=\"so-panel widget widget_sow-image\" data-index=\"1\" ><div\n\t\t\t\n\t\t\tclass=\"so-widget-sow-image so-widget-sow-image-default-8b5b6f678277-1060\"\n\t\t\t\n\t\t>\n<div class=\"sow-image-container\">\n\t\t<img fetchpriority=\"high\" \n\tsrc=\"https:\/\/aluminismontper.com\/wp-content\/uploads\/2016\/07\/techo-de-aluminio.jpg\" width=\"841\" height=\"571\" srcset=\"https:\/\/aluminismontper.com\/wp-content\/uploads\/2016\/07\/techo-de-aluminio.jpg 841w, https:\/\/aluminismontper.com\/wp-content\/uploads\/2016\/07\/techo-de-aluminio-300x204.jpg 300w, https:\/\/aluminismontper.com\/wp-content\/uploads\/2016\/07\/techo-de-aluminio-768x521.jpg 768w\" sizes=\"(max-width: 841px) 100vw, 841px\" title=\"Techo de Aluminio\" alt=\"Techo de Aluminio\" \t\tclass=\"so-widget-image\"\/>\n\t<\/div>\n\n<\/div><\/div><div id=\"panel-1060-0-0-2\" class=\"so-panel widget widget_sow-editor panel-last-child\" data-index=\"2\" ><div\n\t\t\t\n\t\t\tclass=\"so-widget-sow-editor so-widget-sow-editor-base\"\n\t\t\t\n\t\t>\n<div class=\"siteorigin-widget-tinymce textwidget\">\n\t<p><strong>Els falsos sostres d'alumini per cuina i lavabos<\/strong> s\u00f3n perfilats en 0,48 mm de gruix i 3 amplades de perfil diferents (100 mm, 200 mm i 300 mm.) Pel perfil perimetral utilitzem guies de 0,55 mm de gruix per una \u00f2ptima resist\u00e8ncia. <strong>Existeix una \u00e0mplia carta de colors i es poden adaptar diferents tipus d'il\u00b7luminaci\u00f3<\/strong> (hal\u00f2gens fixes o basculars, downlights,...).<\/p>\n<p>Els panells cobertes s\u00f3n la soluci\u00f3 ideal per l\u2019exterior per la seva resist\u00e8ncia a la intemp\u00e8rie i es composen de dos l\u00e0mines d'acer galvanitzat i diferents lacats unides entre s\u00ed per un nucli d'espuma de poliuret\u00e0. Conjunt lleuger, s\u00f2lid i robust que garanteix l'a\u00efllament. \u00c9s la soluci\u00f3 definitiva a goteres per la seva resist\u00e8ncia elevada a la intemp\u00e8rie. Tamb\u00e9 est\u00e0 disponible en format teula.<\/p>\n<\/div>\n<\/div><\/div><\/div><\/div><\/div>","protected":false},"excerpt":{"rendered":"<p>Els falsos sostres d&#8217;alumini per cuina i lavabos s\u00f3n perfilats en 0,48 mm de gruix i 3 amplades de perfil diferents (100 mm, 200 mm i 300 mm.) Pel perfil perimetral utilitzem guies de 0,55 mm de gruix per una \u00f2ptima resist\u00e8ncia. Existeix una \u00e0mplia carta de colors i es poden adaptar diferents tipus d&#8217;il\u00b7luminaci\u00f3 [&hellip;]<\/p>\n","protected":false},"author":2,"featured_media":0,"parent":0,"menu_order":0,"comment_status":"closed","ping_status":"closed","template":"","meta":{"footnotes":""},"class_list":["post-1060","page","type-page","status-publish","hentry"],"_links":{"self":[{"href":"https:\/\/aluminismontper.com\/ca\/wp-json\/wp\/v2\/pages\/1060","targetHints":{"allow":["GET"]}}],"collection":[{"href":"https:\/\/aluminismontper.com\/ca\/wp-json\/wp\/v2\/pages"}],"about":[{"href":"https:\/\/aluminismontper.com\/ca\/wp-json\/wp\/v2\/types\/page"}],"author":[{"embeddable":true,"href":"https:\/\/aluminismontper.com\/ca\/wp-json\/wp\/v2\/users\/2"}],"replies":[{"embeddable":true,"href":"https:\/\/aluminismontper.com\/ca\/wp-json\/wp\/v2\/comments?post=1060"}],"version-history":[{"count":0,"href":"https:\/\/aluminismontper.com\/ca\/wp-json\/wp\/v2\/pages\/1060\/revisions"}],"wp:attachment":[{"href":"https:\/\/aluminismontper.com\/ca\/wp-json\/wp\/v2\/media?parent=1060"}],"curies":[{"name":"wp","href":"https:\/\/api.w.org\/{rel}","templated":true}]}}