{"id":1506,"date":"2016-07-21T12:53:08","date_gmt":"2016-07-21T10:53:08","guid":{"rendered":"http:\/\/aluminismontper.com\/mamparas\/"},"modified":"2023-04-16T19:27:04","modified_gmt":"2023-04-16T17:27:04","slug":"mampares","status":"publish","type":"page","link":"https:\/\/aluminismontper.com\/ca\/mampares\/","title":{"rendered":"MAMPARES"},"content":{"rendered":"<div id=\"pl-1506\"  class=\"panel-layout\" ><div id=\"pg-1506-0\"  class=\"panel-grid panel-no-style\" ><div id=\"pgc-1506-0-0\"  class=\"panel-grid-cell\" ><div id=\"panel-1506-0-0-0\" class=\"so-panel widget widget_sow-headline panel-first-child panel-last-child\" data-index=\"0\" ><div\n\t\t\t\n\t\t\tclass=\"so-widget-sow-headline so-widget-sow-headline-default-29446ce6bdec-1506 so-widget-fittext-wrapper\"\n\t\t\t data-fit-text-compressor=\"0.85\"\n\t\t><div class=\"sow-headline-container \">\n\t\t\t\t\t\t\t<h1 class=\"sow-headline\">\n\t\t\t\t\t\tMAMPARES\t\t\t\t\t\t<\/h1>\n\t\t\t\t\t\t\t\t\t\t\t<div class=\"decoration\">\n\t\t\t\t\t\t<div class=\"decoration-inside\"><\/div>\n\t\t\t\t\t<\/div>\n\t\t\t\t\t<\/div>\n<\/div><\/div><\/div><\/div><div id=\"pg-1506-1\"  class=\"panel-grid panel-no-style\" ><div id=\"pgc-1506-1-0\"  class=\"panel-grid-cell\" ><div id=\"panel-1506-1-0-0\" class=\"so-panel widget widget_sow-image panel-first-child\" data-index=\"1\" ><div\n\t\t\t\n\t\t\tclass=\"so-widget-sow-image so-widget-sow-image-default-8b5b6f678277-1506\"\n\t\t\t\n\t\t>\n<div class=\"sow-image-container\">\n\t\t<img fetchpriority=\"high\" \n\tsrc=\"https:\/\/aluminismontper.com\/wp-content\/uploads\/2016\/07\/mampara.jpg\" width=\"841\" height=\"571\" srcset=\"https:\/\/aluminismontper.com\/wp-content\/uploads\/2016\/07\/mampara.jpg 841w, https:\/\/aluminismontper.com\/wp-content\/uploads\/2016\/07\/mampara-300x204.jpg 300w, https:\/\/aluminismontper.com\/wp-content\/uploads\/2016\/07\/mampara-768x521.jpg 768w\" sizes=\"(max-width: 841px) 100vw, 841px\" alt=\"Mampara Aluminio - Montper Matar\u00f3\" \t\tclass=\"so-widget-image\"\/>\n\t<\/div>\n\n<\/div><\/div><div id=\"panel-1506-1-0-1\" class=\"so-panel widget widget_sow-editor panel-last-child\" data-index=\"2\" ><div\n\t\t\t\n\t\t\tclass=\"so-widget-sow-editor so-widget-sow-editor-base\"\n\t\t\t\n\t\t>\n<div class=\"siteorigin-widget-tinymce textwidget\">\n\t<p><strong>Treballem amb les millors marques de mampares nacionals:<\/strong><\/p>\n<p><img decoding=\"async\" class=\"alignnone size-full wp-image-206\" src=\"https:\/\/aluminismontper.com\/wp-content\/uploads\/2016\/07\/doccia_logo.png\" alt=\"doccia_logo\" width=\"200\" height=\"47\" \/><\/p>\n<\/div>\n<\/div><\/div><\/div><\/div><div id=\"pg-1506-2\"  class=\"panel-grid panel-no-style\" ><div id=\"pgc-1506-2-0\"  class=\"panel-grid-cell\" ><div id=\"panel-1506-2-0-0\" class=\"so-panel widget widget_sow-editor panel-first-child\" data-index=\"3\" ><div\n\t\t\t\n\t\t\tclass=\"so-widget-sow-editor so-widget-sow-editor-base\"\n\t\t\t\n\t\t>\n<div class=\"siteorigin-widget-tinymce textwidget\">\n\t<p><strong>En els banys la soluci\u00f3 ideal per evitar problemes amb l'aigua de la dutxa s\u00f3n les mampares.<\/strong> Tamb\u00e9 adaptables a les banyeres, les mampares s\u00f3n higi\u00e8niques, f\u00e0cil de netejar i amb models adaptables a les necessitats de cada client.<\/p>\n<p>Podem assessorar-li per trobar les millors mampares per a la dutxa o banyera, existeixen mampares fixes, abatibles, corredisses i plegables amb dissenys exclusius.<\/p>\n<\/div>\n<\/div><\/div><div id=\"panel-1506-2-0-1\" class=\"so-panel widget widget_sow-editor\" data-index=\"4\" ><div\n\t\t\t\n\t\t\tclass=\"so-widget-sow-editor so-widget-sow-editor-base\"\n\t\t\t\n\t\t>\n<div class=\"siteorigin-widget-tinymce textwidget\">\n\t<div id='gallery-1' class='gallery galleryid-1506 gallery-columns-2 gallery-size-medium'><figure class='gallery-item'>\n\t\t\t<div class='gallery-icon landscape'>\n\t\t\t\t<a href='https:\/\/aluminismontper.com\/wp-content\/uploads\/2023\/04\/mampara-fija.jpg'><img decoding=\"async\" width=\"300\" height=\"255\" src=\"https:\/\/aluminismontper.com\/wp-content\/uploads\/2023\/04\/mampara-fija-300x255.jpg\" class=\"attachment-medium size-medium\" alt=\"Mampara fija\" aria-describedby=\"gallery-1-1884\" srcset=\"https:\/\/aluminismontper.com\/wp-content\/uploads\/2023\/04\/mampara-fija-300x255.jpg 300w, https:\/\/aluminismontper.com\/wp-content\/uploads\/2023\/04\/mampara-fija-768x652.jpg 768w, https:\/\/aluminismontper.com\/wp-content\/uploads\/2023\/04\/mampara-fija.jpg 942w\" sizes=\"(max-width: 300px) 100vw, 300px\" \/><\/a>\n\t\t\t<\/div>\n\t\t\t\t<figcaption class='wp-caption-text gallery-caption' id='gallery-1-1884'>\n\t\t\t\tMampara fija\n\t\t\t\t<\/figcaption><\/figure><figure class='gallery-item'>\n\t\t\t<div class='gallery-icon landscape'>\n\t\t\t\t<a href='https:\/\/aluminismontper.com\/wp-content\/uploads\/2023\/04\/mampara-corredera.jpg'><img loading=\"lazy\" decoding=\"async\" width=\"300\" height=\"227\" src=\"https:\/\/aluminismontper.com\/wp-content\/uploads\/2023\/04\/mampara-corredera-300x227.jpg\" class=\"attachment-medium size-medium\" alt=\"Mampara corredera\" aria-describedby=\"gallery-1-1882\" srcset=\"https:\/\/aluminismontper.com\/wp-content\/uploads\/2023\/04\/mampara-corredera-300x227.jpg 300w, https:\/\/aluminismontper.com\/wp-content\/uploads\/2023\/04\/mampara-corredera-1024x776.jpg 1024w, https:\/\/aluminismontper.com\/wp-content\/uploads\/2023\/04\/mampara-corredera-768x582.jpg 768w, https:\/\/aluminismontper.com\/wp-content\/uploads\/2023\/04\/mampara-corredera.jpg 1056w\" sizes=\"(max-width: 300px) 100vw, 300px\" \/><\/a>\n\t\t\t<\/div>\n\t\t\t\t<figcaption class='wp-caption-text gallery-caption' id='gallery-1-1882'>\n\t\t\t\tMampara corredera\n\t\t\t\t<\/figcaption><\/figure><figure class='gallery-item'>\n\t\t\t<div class='gallery-icon portrait'>\n\t\t\t\t<a href='https:\/\/aluminismontper.com\/wp-content\/uploads\/2023\/04\/mampara-plegable.jpg'><img loading=\"lazy\" decoding=\"async\" width=\"235\" height=\"300\" src=\"https:\/\/aluminismontper.com\/wp-content\/uploads\/2023\/04\/mampara-plegable-235x300.jpg\" class=\"attachment-medium size-medium\" alt=\"Mampara plegable\" aria-describedby=\"gallery-1-1886\" srcset=\"https:\/\/aluminismontper.com\/wp-content\/uploads\/2023\/04\/mampara-plegable-235x300.jpg 235w, https:\/\/aluminismontper.com\/wp-content\/uploads\/2023\/04\/mampara-plegable.jpg 626w\" sizes=\"(max-width: 235px) 100vw, 235px\" \/><\/a>\n\t\t\t<\/div>\n\t\t\t\t<figcaption class='wp-caption-text gallery-caption' id='gallery-1-1886'>\n\t\t\t\tMampara plegable\n\t\t\t\t<\/figcaption><\/figure><figure class='gallery-item'>\n\t\t\t<div class='gallery-icon portrait'>\n\t\t\t\t<a href='https:\/\/aluminismontper.com\/wp-content\/uploads\/2023\/04\/mampara-abatible.jpg'><img loading=\"lazy\" decoding=\"async\" width=\"273\" height=\"300\" src=\"https:\/\/aluminismontper.com\/wp-content\/uploads\/2023\/04\/mampara-abatible-273x300.jpg\" class=\"attachment-medium size-medium\" alt=\"Mampara abatible\" aria-describedby=\"gallery-1-1880\" srcset=\"https:\/\/aluminismontper.com\/wp-content\/uploads\/2023\/04\/mampara-abatible-273x300.jpg 273w, https:\/\/aluminismontper.com\/wp-content\/uploads\/2023\/04\/mampara-abatible.jpg 727w\" sizes=\"(max-width: 273px) 100vw, 273px\" \/><\/a>\n\t\t\t<\/div>\n\t\t\t\t<figcaption class='wp-caption-text gallery-caption' id='gallery-1-1880'>\n\t\t\t\tMampara abatible\n\t\t\t\t<\/figcaption><\/figure>\n\t\t<\/div>\n\n<\/div>\n<\/div><\/div><div id=\"panel-1506-2-0-2\" class=\"so-panel widget widget_sow-editor panel-last-child\" data-index=\"5\" ><div\n\t\t\t\n\t\t\tclass=\"so-widget-sow-editor so-widget-sow-editor-base\"\n\t\t\t\n\t\t>\n<div class=\"siteorigin-widget-tinymce textwidget\">\n\t<p><em>Imatges de Mampares del nostre prove\u00efdor DOCCIA.<\/em><\/p>\n<\/div>\n<\/div><\/div><\/div><\/div><\/div>","protected":false},"excerpt":{"rendered":"<p>Treballem amb les millors marques de mampares nacionals:<\/p>\n","protected":false},"author":2,"featured_media":0,"parent":0,"menu_order":0,"comment_status":"closed","ping_status":"closed","template":"","meta":{"footnotes":""},"class_list":["post-1506","page","type-page","status-publish","hentry"],"_links":{"self":[{"href":"https:\/\/aluminismontper.com\/ca\/wp-json\/wp\/v2\/pages\/1506","targetHints":{"allow":["GET"]}}],"collection":[{"href":"https:\/\/aluminismontper.com\/ca\/wp-json\/wp\/v2\/pages"}],"about":[{"href":"https:\/\/aluminismontper.com\/ca\/wp-json\/wp\/v2\/types\/page"}],"author":[{"embeddable":true,"href":"https:\/\/aluminismontper.com\/ca\/wp-json\/wp\/v2\/users\/2"}],"replies":[{"embeddable":true,"href":"https:\/\/aluminismontper.com\/ca\/wp-json\/wp\/v2\/comments?post=1506"}],"version-history":[{"count":0,"href":"https:\/\/aluminismontper.com\/ca\/wp-json\/wp\/v2\/pages\/1506\/revisions"}],"wp:attachment":[{"href":"https:\/\/aluminismontper.com\/ca\/wp-json\/wp\/v2\/media?parent=1506"}],"curies":[{"name":"wp","href":"https:\/\/api.w.org\/{rel}","templated":true}]}}