{"id":2394,"date":"2016-07-11T17:45:46","date_gmt":"2016-07-11T15:45:46","guid":{"rendered":"https:\/\/aluminismontper.com\/inicio-2\/"},"modified":"2023-04-25T19:09:51","modified_gmt":"2023-04-25T17:09:51","slug":"inicio-2","status":"publish","type":"page","link":"https:\/\/aluminismontper.com\/ca\/","title":{"rendered":"Inici"},"content":{"rendered":"<div id=\"pl-2394\"  class=\"panel-layout\" ><div id=\"pg-2394-0\"  class=\"panel-grid panel-has-style\" ><div class=\"siteorigin-panels-stretch panel-row-style panel-row-style-for-2394-0\" data-stretch-type=\"full-stretched-padded\" ><div id=\"pgc-2394-0-0\"  class=\"panel-grid-cell\" ><div id=\"panel-2394-0-0-0\" class=\"so-panel widget widget_sow-slider panel-first-child panel-last-child\" data-index=\"0\" ><div\n\t\t\t\n\t\t\tclass=\"so-widget-sow-slider so-widget-sow-slider-default-6d39609536fd-2394\"\n\t\t\t\n\t\t>\t\t\t\t<div class=\"sow-slider-base\" style=\"display: none\" tabindex=\"0\">\n\t\t\t\t\t<ul\n\t\t\t\t\tclass=\"sow-slider-images\"\n\t\t\t\t\tdata-settings=\"{&quot;pagination&quot;:true,&quot;speed&quot;:500,&quot;timeout&quot;:5000,&quot;paused&quot;:false,&quot;pause_on_hover&quot;:false,&quot;swipe&quot;:true,&quot;nav_always_show_desktop&quot;:&quot;&quot;,&quot;nav_always_show_mobile&quot;:&quot;&quot;,&quot;breakpoint&quot;:&quot;780px&quot;,&quot;unmute&quot;:false,&quot;anchor&quot;:null}\"\n\t\t\t\t\t\t\t\t\t\tdata-anchor-id=\"\"\n\t\t\t\t>\t\t<li class=\"sow-slider-image\" style=\"visibility: visible;\" >\n\t\t\t\t\t\t<div class=\"sow-slider-image-container\">\n\t\t\t\t<div class=\"sow-slider-image-wrapper\" style=\"max-width: 1920px\">\n\t\t\t\t\t\t\t\t\t\t<div class=\"sow-slider-image-foreground-wrapper\">\n\t\t\t\t\t\t<img fetchpriority=\"high\" decoding=\"async\" width=\"1920\" height=\"640\" src=\"https:\/\/aluminismontper.com\/wp-content\/uploads\/2017\/03\/aislamiento-acustico.jpg\" class=\"sow-slider-foreground-image\" alt=\"Un entorno silenciosos para descansar - Aluminis Montper Matar\u00f3\" style=\"\" srcset=\"https:\/\/aluminismontper.com\/wp-content\/uploads\/2017\/03\/aislamiento-acustico.jpg 1920w, https:\/\/aluminismontper.com\/wp-content\/uploads\/2017\/03\/aislamiento-acustico-300x100.jpg 300w, https:\/\/aluminismontper.com\/wp-content\/uploads\/2017\/03\/aislamiento-acustico-768x256.jpg 768w, https:\/\/aluminismontper.com\/wp-content\/uploads\/2017\/03\/aislamiento-acustico-1024x341.jpg 1024w\" sizes=\"(max-width: 1920px) 100vw, 1920px\" \/>\t\t\t\t\t<\/div>\n\t\t\t\t\t\t\t\t\t<\/div>\n\t\t\t<\/div>\n\t\t\t\t\t<\/li>\n\t\t\t\t<li class=\"sow-slider-image\" style=\"visibility: hidden;\" >\n\t\t\t\t\t\t<div class=\"sow-slider-image-container\">\n\t\t\t\t<div class=\"sow-slider-image-wrapper\" style=\"max-width: 1920px\">\n\t\t\t\t\t\t\t\t\t\t<div class=\"sow-slider-image-foreground-wrapper\">\n\t\t\t\t\t\t<img decoding=\"async\" width=\"1920\" height=\"640\" src=\"https:\/\/aluminismontper.com\/wp-content\/uploads\/2017\/03\/aislamiento-termico.jpg\" class=\"sow-slider-foreground-image\" alt=\"Confort para tu familia - Aluminis Montper Matar\u00f3\" style=\"\" srcset=\"https:\/\/aluminismontper.com\/wp-content\/uploads\/2017\/03\/aislamiento-termico.jpg 1920w, https:\/\/aluminismontper.com\/wp-content\/uploads\/2017\/03\/aislamiento-termico-300x100.jpg 300w, https:\/\/aluminismontper.com\/wp-content\/uploads\/2017\/03\/aislamiento-termico-768x256.jpg 768w, https:\/\/aluminismontper.com\/wp-content\/uploads\/2017\/03\/aislamiento-termico-1024x341.jpg 1024w\" sizes=\"(max-width: 1920px) 100vw, 1920px\" \/>\t\t\t\t\t<\/div>\n\t\t\t\t\t\t\t\t\t<\/div>\n\t\t\t<\/div>\n\t\t\t\t\t<\/li>\n\t\t\t\t<li class=\"sow-slider-image\" style=\"visibility: hidden;\" >\n\t\t\t\t\t\t<div class=\"sow-slider-image-container\">\n\t\t\t\t<div class=\"sow-slider-image-wrapper\" style=\"max-width: 1920px\">\n\t\t\t\t\t\t\t\t\t\t<div class=\"sow-slider-image-foreground-wrapper\">\n\t\t\t\t\t\t<img decoding=\"async\" width=\"1920\" height=\"640\" src=\"https:\/\/aluminismontper.com\/wp-content\/uploads\/2017\/03\/ahorro-energetico.jpg\" class=\"sow-slider-foreground-image\" alt=\"Ahorro energ\u00e9tico - Aluminis Montper Matar\u00f3\" style=\"\" srcset=\"https:\/\/aluminismontper.com\/wp-content\/uploads\/2017\/03\/ahorro-energetico.jpg 1920w, https:\/\/aluminismontper.com\/wp-content\/uploads\/2017\/03\/ahorro-energetico-300x100.jpg 300w, https:\/\/aluminismontper.com\/wp-content\/uploads\/2017\/03\/ahorro-energetico-768x256.jpg 768w, https:\/\/aluminismontper.com\/wp-content\/uploads\/2017\/03\/ahorro-energetico-1024x341.jpg 1024w\" sizes=\"(max-width: 1920px) 100vw, 1920px\" \/>\t\t\t\t\t<\/div>\n\t\t\t\t\t\t\t\t\t<\/div>\n\t\t\t<\/div>\n\t\t\t\t\t<\/li>\n\t\t\t\t<li class=\"sow-slider-image\" style=\"visibility: hidden;\" >\n\t\t\t\t\t\t<div class=\"sow-slider-image-container\">\n\t\t\t\t<div class=\"sow-slider-image-wrapper\" style=\"max-width: 1920px\">\n\t\t\t\t\t\t\t\t\t\t<div class=\"sow-slider-image-foreground-wrapper\">\n\t\t\t\t\t\t<img loading=\"lazy\" decoding=\"async\" width=\"1920\" height=\"640\" src=\"https:\/\/aluminismontper.com\/wp-content\/uploads\/2017\/03\/seguridad-en-tu-hogar.jpg\" class=\"sow-slider-foreground-image\" alt=\"Cuida, Protege, asegura tu hogar - Aluminis Montper Matar\u00f3\" style=\"\" srcset=\"https:\/\/aluminismontper.com\/wp-content\/uploads\/2017\/03\/seguridad-en-tu-hogar.jpg 1920w, https:\/\/aluminismontper.com\/wp-content\/uploads\/2017\/03\/seguridad-en-tu-hogar-300x100.jpg 300w, https:\/\/aluminismontper.com\/wp-content\/uploads\/2017\/03\/seguridad-en-tu-hogar-768x256.jpg 768w, https:\/\/aluminismontper.com\/wp-content\/uploads\/2017\/03\/seguridad-en-tu-hogar-1024x341.jpg 1024w\" sizes=\"(max-width: 1920px) 100vw, 1920px\" \/>\t\t\t\t\t<\/div>\n\t\t\t\t\t\t\t\t\t<\/div>\n\t\t\t<\/div>\n\t\t\t\t\t<\/li>\n\t\t<\/ul>\t\t\t\t<ol class=\"sow-slider-pagination\">\n\t\t\t\t\t\t\t\t\t\t\t<li><a href=\"#\" data-goto=\"0\" aria-label=\"Display slide 1\"><\/a><\/li>\n\t\t\t\t\t\t\t\t\t\t\t<li><a href=\"#\" data-goto=\"1\" aria-label=\"Display slide 2\"><\/a><\/li>\n\t\t\t\t\t\t\t\t\t\t\t<li><a href=\"#\" data-goto=\"2\" aria-label=\"Display slide 3\"><\/a><\/li>\n\t\t\t\t\t\t\t\t\t\t\t<li><a href=\"#\" data-goto=\"3\" aria-label=\"Display slide 4\"><\/a><\/li>\n\t\t\t\t\t\t\t\t\t<\/ol>\n\n\t\t\t\t<div class=\"sow-slide-nav sow-slide-nav-next\">\n\t\t\t\t\t<a href=\"#\" data-goto=\"next\" aria-label=\"Next slide\" data-action=\"next\">\n\t\t\t\t\t\t<em class=\"sow-sld-icon-medium-right\"><\/em>\n\t\t\t\t\t<\/a>\n\t\t\t\t<\/div>\n\n\t\t\t\t<div class=\"sow-slide-nav sow-slide-nav-prev\">\n\t\t\t\t\t<a href=\"#\" data-goto=\"previous\" aria-label=\"Previous slide\" data-action=\"prev\">\n\t\t\t\t\t\t<em class=\"sow-sld-icon-medium-left\"><\/em>\n\t\t\t\t\t<\/a>\n\t\t\t\t<\/div>\n\t\t\t\t<\/div><\/div><\/div><\/div><\/div><\/div><div id=\"pg-2394-1\"  class=\"panel-grid panel-has-style\" ><div class=\"siteorigin-panels-stretch panel-row-style panel-row-style-for-2394-1\" data-stretch-type=\"full-stretched\" ><div id=\"pgc-2394-1-0\"  class=\"panel-grid-cell\" ><div id=\"panel-2394-1-0-0\" class=\"so-panel widget widget_sow-hero panel-first-child panel-last-child\" data-index=\"1\" ><div class=\"panel-widget-style panel-widget-style-for-2394-1-0-0\" ><div\n\t\t\t\n\t\t\tclass=\"so-widget-sow-hero so-widget-sow-hero-default-2849314ed5c7-2394 so-widget-fittext-wrapper\"\n\t\t\t data-fit-text-compressor=\"0.85\"\n\t\t>\t\t\t\t<div class=\"sow-slider-base\" style=\"display: none\" tabindex=\"0\">\n\t\t\t\t\t<ul\n\t\t\t\t\tclass=\"sow-slider-images\"\n\t\t\t\t\tdata-settings=\"{&quot;pagination&quot;:true,&quot;speed&quot;:800,&quot;timeout&quot;:8000,&quot;paused&quot;:false,&quot;pause_on_hover&quot;:false,&quot;swipe&quot;:true,&quot;nav_always_show_desktop&quot;:&quot;&quot;,&quot;nav_always_show_mobile&quot;:&quot;&quot;,&quot;breakpoint&quot;:&quot;780px&quot;,&quot;unmute&quot;:false,&quot;anchor&quot;:null}\"\n\t\t\t\t\t\t\t\t\t\tdata-anchor-id=\"\"\n\t\t\t\t>\t\t<li class=\"sow-slider-image  sow-slider-image-cover\" style=\"visibility: visible;;background-color: #0489a6\" >\n\t\t\t\t\t<div class=\"sow-slider-image-container\">\n\t\t\t<div class=\"sow-slider-image-wrapper\">\n\t\t\t\t<h2>EQUIP DE PROFESSIONALS<\/h2>\n<p><strong>Fabriquem i instal\u00b7lem tancaments d'alumini, p\u00e8rgoles, tendals, mosquiteres, cortines, persianes, motors, sostres d'alumini, mampares, ballestes i reixes.<\/strong><\/p>\n<p>T'oferim les millors solucions per al teu habitatge o negoci.<\/p>\n<p>Consulta els nostres productes!<\/p>\n\t\t\t<\/div>\n\t\t<\/div>\n\t\t<div class=\"sow-slider-image-overlay sow-slider-image-cover\" style=\"opacity: 0.1;background-image: url(https:\/\/aluminismontper.com\/wp-content\/uploads\/2016\/07\/Aluminio.gif)\"  ><\/div>\t\t<\/li>\n\t\t<\/ul>\t\t\t\t<ol class=\"sow-slider-pagination\">\n\t\t\t\t\t\t\t\t\t\t\t<li><a href=\"#\" data-goto=\"0\" aria-label=\"Display slide 1\"><\/a><\/li>\n\t\t\t\t\t\t\t\t\t<\/ol>\n\n\t\t\t\t<div class=\"sow-slide-nav sow-slide-nav-next\">\n\t\t\t\t\t<a href=\"#\" data-goto=\"next\" aria-label=\"Next slide\" data-action=\"next\">\n\t\t\t\t\t\t<em class=\"sow-sld-icon-thin-right\"><\/em>\n\t\t\t\t\t<\/a>\n\t\t\t\t<\/div>\n\n\t\t\t\t<div class=\"sow-slide-nav sow-slide-nav-prev\">\n\t\t\t\t\t<a href=\"#\" data-goto=\"previous\" aria-label=\"Previous slide\" data-action=\"prev\">\n\t\t\t\t\t\t<em class=\"sow-sld-icon-thin-left\"><\/em>\n\t\t\t\t\t<\/a>\n\t\t\t\t<\/div>\n\t\t\t\t<\/div><\/div><\/div><\/div><\/div><\/div><\/div><div id=\"pg-2394-2\"  class=\"panel-grid panel-has-style\" ><div class=\"siteorigin-panels-stretch panel-row-style panel-row-style-for-2394-2\" data-stretch-type=\"full\" ><div id=\"pgc-2394-2-0\"  class=\"panel-grid-cell\" ><div id=\"panel-2394-2-0-0\" class=\"so-panel widget widget_sow-editor panel-first-child panel-last-child\" data-index=\"2\" ><div class=\"panel-widget-style panel-widget-style-for-2394-2-0-0\" ><div\n\t\t\t\n\t\t\tclass=\"so-widget-sow-editor so-widget-sow-editor-base\"\n\t\t\t\n\t\t>\n<div class=\"siteorigin-widget-tinymce textwidget\">\n\t<h2><span style=\"color: #0489a6;\">Tancaments d'alumini<\/span><\/h2>\n<p>Coneix la nostra \u00e0mplia gamma de <strong>tancaments d'alumini<\/strong>, productes que garantiran el <strong>confort i seguretat en la teva llar<\/strong>, tenen en compte caracter\u00edstiques importants com: <strong>estalvi energ\u00e8tic, a\u00efllament t\u00e8rmic, a\u00efllament ac\u00fastic i seguretat.<\/strong><\/p>\n<\/div>\n<\/div><\/div><\/div><\/div><\/div><\/div><div id=\"pg-2394-3\"  class=\"panel-grid panel-has-style\" ><div class=\"siteorigin-panels-stretch panel-row-style panel-row-style-for-2394-3\" data-stretch-type=\"full\" ><div id=\"pgc-2394-3-0\"  class=\"panel-grid-cell\" ><div id=\"panel-2394-3-0-0\" class=\"so-panel widget widget_siteorigin-panels-image panel-first-child panel-last-child\" data-index=\"3\" ><div class=\"panel-widget-style panel-widget-style-for-2394-3-0-0\" ><a href=\"https:\/\/aluminismontper.com\/cerramientos\/renova-co-rpt-eficient\/\"><img decoding=\"async\" src=\"https:\/\/aluminismontper.com\/wp-content\/uploads\/2023\/04\/ventana-practicable-renova.jpg\" alt=\"\"><\/a><\/div><\/div><\/div><div id=\"pgc-2394-3-1\"  class=\"panel-grid-cell\" ><div id=\"panel-2394-3-1-0\" class=\"so-panel widget widget_sow-editor panel-first-child panel-last-child\" data-index=\"4\" ><div class=\"panel-widget-style panel-widget-style-for-2394-3-1-0\" ><div\n\t\t\t\n\t\t\tclass=\"so-widget-sow-editor so-widget-sow-editor-base\"\n\t\t\t\n\t\t>\n<div class=\"siteorigin-widget-tinymce textwidget\">\n\t<h3><\/h3>\n<h3 style=\"text-align: center;\"><a href=\"https:\/\/aluminismontper.com\/ca\/tancaments\/renova-co-rpt-eficient\/\">Finestres<\/a><\/h3>\n<p>&nbsp;<\/p>\n<\/div>\n<\/div><\/div><\/div><\/div><\/div><\/div><div id=\"pg-2394-4\"  class=\"panel-grid panel-has-style\" ><div class=\"container_2 siteorigin-panels-stretch panel-row-style panel-row-style-for-2394-4\" data-stretch-type=\"full\" ><div id=\"pgc-2394-4-0\"  class=\"panel-grid-cell\" ><div id=\"panel-2394-4-0-0\" class=\"so-panel widget widget_siteorigin-panels-image panel-first-child panel-last-child\" data-index=\"5\" ><a href=\"https:\/\/aluminismontper.com\/cerramientos\/renova-ocultec\/\"><img decoding=\"async\" src=\"https:\/\/aluminismontper.com\/wp-content\/uploads\/2023\/04\/puerta-Renova-Collection.jpg\" alt=\"\"><\/a><\/div><\/div><div id=\"pgc-2394-4-1\"  class=\"panel-grid-cell\" ><div id=\"panel-2394-4-1-0\" class=\"so-panel widget widget_sow-editor panel-first-child panel-last-child\" data-index=\"6\" ><div class=\"panel-widget-style panel-widget-style-for-2394-4-1-0\" ><div\n\t\t\t\n\t\t\tclass=\"so-widget-sow-editor so-widget-sow-editor-base\"\n\t\t\t\n\t\t>\n<div class=\"siteorigin-widget-tinymce textwidget\">\n\t<h3><\/h3>\n<h3 style=\"text-align: center;\"><a href=\"https:\/\/aluminismontper.com\/ca\/tancaments\/renova-ocultec\/\">Portes<\/a><\/h3>\n<p>&nbsp;<\/p>\n<\/div>\n<\/div><\/div><\/div><\/div><\/div><\/div><div id=\"pg-2394-5\"  class=\"panel-grid panel-no-style\" ><div id=\"pgc-2394-5-0\"  class=\"panel-grid-cell\" ><div id=\"panel-2394-5-0-0\" class=\"so-panel widget widget_siteorigin-panels-image panel-first-child panel-last-child\" data-index=\"7\" ><div class=\"panel-widget-style panel-widget-style-for-2394-5-0-0\" ><a href=\"https:\/\/aluminismontper.com\/toldos-y-pergolas\/\"><img decoding=\"async\" src=\"https:\/\/aluminismontper.com\/wp-content\/uploads\/2023\/04\/Instalacion-de-Toldos-ALUMINIS-MONTPER.jpg\" alt=\"\"><\/a><\/div><\/div><\/div><div id=\"pgc-2394-5-1\"  class=\"panel-grid-cell\" ><div id=\"panel-2394-5-1-0\" class=\"so-panel widget widget_sow-editor panel-first-child panel-last-child\" data-index=\"8\" ><div class=\"panel-widget-style panel-widget-style-for-2394-5-1-0\" ><div\n\t\t\t\n\t\t\tclass=\"so-widget-sow-editor so-widget-sow-editor-base\"\n\t\t\t\n\t\t>\n<div class=\"siteorigin-widget-tinymce textwidget\">\n\t<h3><a href=\"https:\/\/aluminismontper.com\/ca\/tendals-i-pergoles\/\">Tendals i P\u00e8rgoles<\/a><\/h3>\n<p>Aporten una \u00f2ptima protecci\u00f3 solar i s\u00f3n eficaces contra la calor. <a href=\"https:\/\/aluminismontper.com\/ca\/tendals-i-pergoles\/\">Veure producte<\/a><\/p>\n<\/div>\n<\/div><\/div><\/div><\/div><\/div><div id=\"pg-2394-6\"  class=\"panel-grid panel-has-style\" ><div class=\"container_2 panel-row-style panel-row-style-for-2394-6\" ><div id=\"pgc-2394-6-0\"  class=\"panel-grid-cell\" ><div id=\"panel-2394-6-0-0\" class=\"so-panel widget widget_siteorigin-panels-image panel-first-child panel-last-child\" data-index=\"9\" ><a href=\"https:\/\/aluminismontper.com\/mosquiteras\/\"><img decoding=\"async\" src=\"https:\/\/aluminismontper.com\/wp-content\/uploads\/2023\/04\/Mosquitera-fija-ALUMINIS-MONTPER.jpg\" alt=\"\"><\/a><\/div><\/div><div id=\"pgc-2394-6-1\"  class=\"panel-grid-cell\" ><div id=\"panel-2394-6-1-0\" class=\"so-panel widget widget_sow-editor panel-first-child panel-last-child\" data-index=\"10\" ><div class=\"panel-widget-style panel-widget-style-for-2394-6-1-0\" ><div\n\t\t\t\n\t\t\tclass=\"so-widget-sow-editor so-widget-sow-editor-base\"\n\t\t\t\n\t\t>\n<div class=\"siteorigin-widget-tinymce textwidget\">\n\t<h3><a href=\"https:\/\/aluminismontper.com\/ca\/mosquiteres\/\">Mosquiteres i Cortines<\/a><\/h3>\n<p>Les nostres mosquiteras en <strong>perfiler\u00eda d'alumini<\/strong> es poden instal\u00b7lar tant en finestres com en portes. A m\u00e9s <strong>s\u00f3n de f\u00e0cil neteja.<\/strong> <strong><a href=\"https:\/\/aluminismontper.com\/ca\/mosquiteres\/\">Veure productes<\/a><\/strong><\/p>\n<\/div>\n<\/div><\/div><\/div><\/div><\/div><\/div><div id=\"pg-2394-7\"  class=\"panel-grid panel-has-style\" ><div class=\"panel-row-style panel-row-style-for-2394-7\" ><div id=\"pgc-2394-7-0\"  class=\"panel-grid-cell\" ><div id=\"panel-2394-7-0-0\" class=\"so-panel widget widget_siteorigin-panels-image panel-first-child panel-last-child\" data-index=\"11\" ><a href=\"https:\/\/aluminismontper.com\/persianas\/\"><img decoding=\"async\" src=\"https:\/\/aluminismontper.com\/wp-content\/uploads\/2023\/04\/Persianas-supergradhermetic-ALUMINIS-MONTPER.png\" alt=\"\"><\/a><\/div><\/div><div id=\"pgc-2394-7-1\"  class=\"panel-grid-cell\" ><div id=\"panel-2394-7-1-0\" class=\"so-panel widget widget_sow-editor panel-first-child panel-last-child\" data-index=\"12\" ><div class=\"panel-widget-style panel-widget-style-for-2394-7-1-0\" ><div\n\t\t\t\n\t\t\tclass=\"so-widget-sow-editor so-widget-sow-editor-base\"\n\t\t\t\n\t\t>\n<div class=\"siteorigin-widget-tinymce textwidget\">\n\t<h3><a href=\"https:\/\/aluminismontper.com\/ca\/persianes\/\">Persianes i Motors<\/a><\/h3>\n<p>En persianes ens \u201cenrotllem\u201d per a poder oferir-te una gran varietat de models que cobreixin les teves necessitats de disseny, seguretat i a\u00efllament t\u00e8rmic. <a href=\"https:\/\/aluminismontper.com\/ca\/persianes\/\"><strong>Ver productos<\/strong><\/a><\/p>\n<\/div>\n<\/div><\/div><\/div><\/div><\/div><\/div><div id=\"pg-2394-8\"  class=\"panel-grid panel-has-style\" ><div class=\"siteorigin-panels-stretch panel-row-style panel-row-style-for-2394-8\" data-stretch-type=\"full\" ><div id=\"pgc-2394-8-0\"  class=\"panel-grid-cell\" ><div id=\"panel-2394-8-0-0\" class=\"so-panel widget widget_sow-editor panel-first-child panel-last-child\" data-index=\"13\" ><div class=\"panel-widget-style panel-widget-style-for-2394-8-0-0\" ><div\n\t\t\t\n\t\t\tclass=\"so-widget-sow-editor so-widget-sow-editor-base\"\n\t\t\t\n\t\t>\n<div class=\"siteorigin-widget-tinymce textwidget\">\n\t<h3><span style=\"color: #0489a6;\">M\u00e9s productes<br \/>\n<\/span><\/h3>\n<p>Instal\u00b7lem solucions, que faran de la teva casa un espai segur i confortable.<\/p>\n<\/div>\n<\/div><\/div><\/div><\/div><\/div><\/div><div id=\"pg-2394-9\"  class=\"panel-grid panel-has-style\" ><div class=\"siteorigin-panels-stretch panel-row-style panel-row-style-for-2394-9\" data-stretch-type=\"full\" ><div id=\"pgc-2394-9-0\"  class=\"panel-grid-cell\" ><div id=\"panel-2394-9-0-0\" class=\"so-panel widget widget_sow-image panel-first-child\" data-index=\"14\" ><div\n\t\t\t\n\t\t\tclass=\"so-widget-sow-image so-widget-sow-image-default-c67d20f9f743-2394\"\n\t\t\t\n\t\t>\n<div class=\"sow-image-container\">\n\t\t\t<a href=\"https:\/\/aluminismontper.com\/cerramientos-metalicos\/\"\n\t\t\t\t\t>\n\t\t\t<img loading=\"lazy\" \n\tsrc=\"https:\/\/aluminismontper.com\/wp-content\/uploads\/2016\/07\/ballestas-03.jpg\" width=\"841\" height=\"571\" srcset=\"https:\/\/aluminismontper.com\/wp-content\/uploads\/2016\/07\/ballestas-03.jpg 841w, https:\/\/aluminismontper.com\/wp-content\/uploads\/2016\/07\/ballestas-03-300x204.jpg 300w, https:\/\/aluminismontper.com\/wp-content\/uploads\/2016\/07\/ballestas-03-768x521.jpg 768w\" sizes=\"(max-width: 841px) 100vw, 841px\" title=\"ballestas\" alt=\"Finestres Aluminis Montper\" \t\tclass=\"so-widget-image\"\/>\n\t\t\t<\/a><\/div>\n\n<\/div><\/div><div id=\"panel-2394-9-0-1\" class=\"so-panel widget widget_sow-headline panel-last-child\" data-index=\"15\" ><div\n\t\t\t\n\t\t\tclass=\"so-widget-sow-headline so-widget-sow-headline-default-c93d0ad5bdeb-2394 so-widget-fittext-wrapper\"\n\t\t\t data-fit-text-compressor=\"0.85\"\n\t\t><div class=\"sow-headline-container \">\n\t\t\t\t\t\t\t<h4 class=\"sow-headline\">\n\t\t\t\t\t\t\t\t\t\t\t\t\t<a href=\"https:\/\/aluminismontper.com\/cerramientos-metalicos\/\" >\n\t\t\t\t\t\t\t\tVeure Tancaments met\u00e0l\u00b7lics<\/a>\t\t\t\t\t\t<\/h4>\n\t\t\t\t\t\t<\/div>\n<\/div><\/div><\/div><div id=\"pgc-2394-9-1\"  class=\"panel-grid-cell\" ><div id=\"panel-2394-9-1-0\" class=\"so-panel widget widget_sow-image panel-first-child\" data-index=\"16\" ><div\n\t\t\t\n\t\t\tclass=\"so-widget-sow-image so-widget-sow-image-default-c67d20f9f743-2394\"\n\t\t\t\n\t\t>\n<div class=\"sow-image-container\">\n\t\t\t<a href=\"https:\/\/aluminismontper.com\/mamparas\/\"\n\t\t\t\t\t>\n\t\t\t<img loading=\"lazy\" \n\tsrc=\"https:\/\/aluminismontper.com\/wp-content\/uploads\/2016\/07\/mampara.jpg\" width=\"841\" height=\"571\" srcset=\"https:\/\/aluminismontper.com\/wp-content\/uploads\/2016\/07\/mampara.jpg 841w, https:\/\/aluminismontper.com\/wp-content\/uploads\/2016\/07\/mampara-300x204.jpg 300w, https:\/\/aluminismontper.com\/wp-content\/uploads\/2016\/07\/mampara-768x521.jpg 768w\" sizes=\"(max-width: 841px) 100vw, 841px\" title=\"Mampara Aluminio &#8211; Montper Matar\u00f3\" alt=\"Portes Aluminis Montper\" \t\tclass=\"so-widget-image\"\/>\n\t\t\t<\/a><\/div>\n\n<\/div><\/div><div id=\"panel-2394-9-1-1\" class=\"so-panel widget widget_sow-headline panel-last-child\" data-index=\"17\" ><div\n\t\t\t\n\t\t\tclass=\"so-widget-sow-headline so-widget-sow-headline-default-c93d0ad5bdeb-2394 so-widget-fittext-wrapper\"\n\t\t\t data-fit-text-compressor=\"0.85\"\n\t\t><div class=\"sow-headline-container \">\n\t\t\t\t\t\t\t<h4 class=\"sow-headline\">\n\t\t\t\t\t\t\t\t\t\t\t\t\t<a href=\"https:\/\/aluminismontper.com\/mamparas\/\" >\n\t\t\t\t\t\t\t\tVeure Mampares<\/a>\t\t\t\t\t\t<\/h4>\n\t\t\t\t\t\t<\/div>\n<\/div><\/div><\/div><div id=\"pgc-2394-9-2\"  class=\"panel-grid-cell\" ><div id=\"panel-2394-9-2-0\" class=\"so-panel widget widget_sow-image panel-first-child\" data-index=\"18\" ><div\n\t\t\t\n\t\t\tclass=\"so-widget-sow-image so-widget-sow-image-default-c67d20f9f743-2394\"\n\t\t\t\n\t\t>\n<div class=\"sow-image-container\">\n\t\t\t<a href=\"https:\/\/aluminismontper.com\/techos-aluminio-cubiertas\/\"\n\t\t\t\t\t>\n\t\t\t<img loading=\"lazy\" \n\tsrc=\"https:\/\/aluminismontper.com\/wp-content\/uploads\/2016\/07\/techo-de-aluminio.jpg\" width=\"841\" height=\"571\" srcset=\"https:\/\/aluminismontper.com\/wp-content\/uploads\/2016\/07\/techo-de-aluminio.jpg 841w, https:\/\/aluminismontper.com\/wp-content\/uploads\/2016\/07\/techo-de-aluminio-300x204.jpg 300w, https:\/\/aluminismontper.com\/wp-content\/uploads\/2016\/07\/techo-de-aluminio-768x521.jpg 768w\" sizes=\"(max-width: 841px) 100vw, 841px\" title=\"Techo de Aluminio\" alt=\"Mallorquines Aluminis Montper\" \t\tclass=\"so-widget-image\"\/>\n\t\t\t<\/a><\/div>\n\n<\/div><\/div><div id=\"panel-2394-9-2-1\" class=\"so-panel widget widget_sow-headline panel-last-child\" data-index=\"19\" ><div\n\t\t\t\n\t\t\tclass=\"so-widget-sow-headline so-widget-sow-headline-default-c93d0ad5bdeb-2394 so-widget-fittext-wrapper\"\n\t\t\t data-fit-text-compressor=\"0.85\"\n\t\t><div class=\"sow-headline-container \">\n\t\t\t\t\t\t\t<h4 class=\"sow-headline\">\n\t\t\t\t\t\t\t\t\t\t\t\t\t<a href=\"https:\/\/aluminismontper.com\/techos-aluminio-cubiertas\/\" >\n\t\t\t\t\t\t\t\tVeure Sostres d'alumini i cobertes<\/a>\t\t\t\t\t\t<\/h4>\n\t\t\t\t\t\t<\/div>\n<\/div><\/div><\/div><\/div><\/div><div id=\"pg-2394-10\"  class=\"panel-grid panel-no-style\" ><div id=\"pgc-2394-10-0\"  class=\"panel-grid-cell\" ><div id=\"panel-2394-10-0-0\" class=\"so-panel widget widget_sow-editor panel-first-child\" data-index=\"20\" ><div\n\t\t\t\n\t\t\tclass=\"so-widget-sow-editor so-widget-sow-editor-base\"\n\t\t\t\n\t\t>\n<div class=\"siteorigin-widget-tinymce textwidget\">\n\t<h2 style=\"text-align: center;\"><span style=\"color: #0489a6;\">El nostre clients opinen...<\/span><\/h2>\n<p style=\"text-align: center;\">Compartim les valuoses impressions i opinions que tenen els nostres clients sobre els nostres serveis, perqu\u00e8 ens ajuden a millorar i a prestar un millor servei, dia a dia.<\/p>\n<\/div>\n<\/div><\/div><div id=\"panel-2394-10-0-1\" class=\"so-panel widget widget_sow-testimonials panel-last-child\" data-index=\"21\" ><div\n\t\t\t\n\t\t\tclass=\"so-widget-sow-testimonials so-widget-sow-testimonials-default-ec211d68a80f-2394\"\n\t\t\t\n\t\t><div class=\"sow-testimonials\">\n\t\t\t\t\t<div class=\"sow-testimonial-wrapper sow-user-left sow-layout-text-below\">\n\t\t\t<div class=\"sow-testimonial\">\n\t\t\t\t\n\t\t\t\t<div class=\"sow-testimonial-user\">\n\t\t\t\t\t\n\t\t\t\t\t<div class=\"sow-text\">\n\t\t\t\t\t\t\t\t\t\t\t\t\t<span class=\"sow-testimonial-name\"><strong>Anca Raluca<\/strong><\/span>\n\t\t\t\t\t\t\t\t\t\t\t\t\t\t\t\t\t\t\t\t\t\t\t\t\t<span class=\"sow-testimonial-location\">Directora i Gerent Llar d\u2019infants Anca.<\/span>\n\t\t\t\t\t\t\t\t\t\t\t\t\t\t\t\t\t<\/div>\n\t\t\t\t<\/div>\n\n\t\t\t\t\t\t\t\t\t<div class=\"sow-testimonial-text\">\n\t\t\t\t\t\t<p>S\u00f3c Anca Raluca Bonca Ungur, i s\u00f3c clienta fa anys de Aluminis Montper. Ells em fan el manteniment de les instal\u00b7lacions del meu negoci, ja que molt a menundo ho necessito. Jo tinc una guarderia a Matar\u00f3, i aquest estiu he fet una reforma molt gran, que m\u2019ho han fet Alumnis Monper. He quedat molt contenta amb el seu treball. S\u00f3n molt bons professionals, molt seriosos i el tracte amb el client \u00e9s molt personalitzat. De fet continu treballant amb ells en tot el tema de manteniment.Treballant amb una empresa asi, estic molt tranquil\u00b7la, perqu\u00e8 es que em van a respondre a cada moment amb molta rapidesa i profesionalidad. Ho recomano 100%.<\/p>\r\n\t\t\t\t\t<\/div>\n\t\t\t\t\t\t\t<\/div>\n\t\t<\/div>\n\t\t\t\t\t<div class=\"sow-testimonial-wrapper sow-user-left sow-layout-text-below\">\n\t\t\t<div class=\"sow-testimonial\">\n\t\t\t\t\n\t\t\t\t<div class=\"sow-testimonial-user\">\n\t\t\t\t\t\n\t\t\t\t\t<div class=\"sow-text\">\n\t\t\t\t\t\t\t\t\t\t\t\t\t<span class=\"sow-testimonial-name\"><strong>Rosa Bassols<\/strong><\/span>\n\t\t\t\t\t\t\t\t\t\t\t\t\t\t\t\t\t\t\t\t\t\t\t\t\t<span class=\"sow-testimonial-location\">Arquitecta Jefe, Dpto. T\u00e9cnico en Irab\u00e9: Arquitectura, construcci\u00f3n y Project Management<\/span>\n\t\t\t\t\t\t\t\t\t\t\t\t\t\t\t\t\t<\/div>\n\t\t\t\t<\/div>\n\n\t\t\t\t\t\t\t\t\t<div class=\"sow-testimonial-text\">\n\t\t\t\t\t\t<p>Aluminis Montper \u00e9s una empresa que col\u00b7labora estretament en el disseny de la fusteria i aporta idees i nous productes per millorar el disseny. S\u00f3n bons coneixedors dels seus materials i aporten consells valuosos. Compleixen en terminis, qualitat i pressupost.<\/p>\r\n\t\t\t\t\t<\/div>\n\t\t\t\t\t\t\t<\/div>\n\t\t<\/div>\n\t<\/div>\n<\/div><\/div><\/div><\/div><\/div>","protected":false},"excerpt":{"rendered":"<p>EQUIP DE PROFESSIONALS Fabriquem i instal\u00b7lem tancaments d&#8217;alumini, p\u00e8rgoles, tendals, mosquiteres, cortines, persianes, motors, sostres d&#8217;alumini, mampares, ballestes i reixes. T&#8217;oferim les millors solucions per al teu habitatge o negoci. Consulta els nostres productes! Tancaments d&#8217;alumini Coneix la nostra \u00e0mplia gamma de tancaments d&#8217;alumini, productes que garantiran el confort i seguretat en la teva llar, [&hellip;]<\/p>\n","protected":false},"author":2,"featured_media":0,"parent":0,"menu_order":0,"comment_status":"closed","ping_status":"closed","template":"elementor_header_footer","meta":{"footnotes":""},"class_list":["post-2394","page","type-page","status-publish","hentry"],"_links":{"self":[{"href":"https:\/\/aluminismontper.com\/ca\/wp-json\/wp\/v2\/pages\/2394","targetHints":{"allow":["GET"]}}],"collection":[{"href":"https:\/\/aluminismontper.com\/ca\/wp-json\/wp\/v2\/pages"}],"about":[{"href":"https:\/\/aluminismontper.com\/ca\/wp-json\/wp\/v2\/types\/page"}],"author":[{"embeddable":true,"href":"https:\/\/aluminismontper.com\/ca\/wp-json\/wp\/v2\/users\/2"}],"replies":[{"embeddable":true,"href":"https:\/\/aluminismontper.com\/ca\/wp-json\/wp\/v2\/comments?post=2394"}],"version-history":[{"count":0,"href":"https:\/\/aluminismontper.com\/ca\/wp-json\/wp\/v2\/pages\/2394\/revisions"}],"wp:attachment":[{"href":"https:\/\/aluminismontper.com\/ca\/wp-json\/wp\/v2\/media?parent=2394"}],"curies":[{"name":"wp","href":"https:\/\/api.w.org\/{rel}","templated":true}]}}