{"id":703,"date":"2016-11-08T00:26:13","date_gmt":"2016-11-07T23:26:13","guid":{"rendered":"http:\/\/aluminismontper.com\/ca\/politica-de-privacidad\/"},"modified":"2024-02-27T12:47:03","modified_gmt":"2024-02-27T11:47:03","slug":"politica-de-privacitat","status":"publish","type":"page","link":"https:\/\/aluminismontper.com\/ca\/politica-de-privacitat\/","title":{"rendered":"Pol\u00edtica de Privacitat"},"content":{"rendered":"<p>ALUMINIS MONTPER es compromet a protegir la privadesa dels usuaris que accedeixin a aquesta web i\/o qualsevol dels seus serveis. La utilitzaci\u00f3 de la web i\/o de qualsevol dels serveis oferts per ALUMINIS MONTPER, implica l&#8217;acceptaci\u00f3 per l&#8217;usuari de les disposicions contingudes en la present Pol\u00edtica de Privadesa i que les seves dades personals siguin tractats segons s&#8217;estipula en ella. Per favor, tingui en compte que encara que pugui haver-hi enlla\u00e7os de la nostra web a altres webs, aquesta Pol\u00edtica de Privadesa no s&#8217;aplica a les webs d&#8217;altres companyies o organitzacions a les quals la web estigui redirigida. ALUMINIS MONTPER no controla el contingut de les webs de tercers ni accepta qualsevol responsabilitat pel contingut o les pol\u00edtiques de privadesa d&#8217;aquestes webs.<\/p>\n<ol>\n<li><strong>Dret d&#8217;informaci\u00f3:<\/strong> En virtut de l&#8217;establert en la Llei Org\u00e0nica 15\/1999, de 13 de desembre, sobre Protecci\u00f3 de Dades de Car\u00e0cter Personal, ALUMINIS MONTPER informa als usuaris d&#8217;aquest lloc web i de qualsevol dels seus serveis, de l&#8217;exist\u00e8ncia de fitxers de dades de car\u00e0cter personal creats per ALUMINIS MONTPER i sota la seva responsabilitat.<\/li>\n<li><strong>Veracitat de les dades:<\/strong> L&#8217;usuari garanteix que les dades personals facilitades s\u00f3n veraces i es fa responsable de comunicar qualsevol modificaci\u00f3 dels mateixos. Les dades que estiguin marcats amb un asterisc seran obligatoris per poder donar-li el servei sol\u00b7licitat.<\/li>\n<li><strong>Consentiment de l&#8217;usuari:<\/strong> El subministrament de les seves dades implica l&#8217;acceptaci\u00f3 d&#8217;aquesta pol\u00edtica de privadesa, i suposa el consentiment expr\u00e9s de l&#8217;usuari per al tractament de les seves dades per a la finalitat abans descrita, aix\u00ed com per a l&#8217;enviament de newsletters, comunicacions via correu postal, tel\u00e8fon, fax, SMS, correu electr\u00f2nic i qualsevol mitj\u00e0 telem\u00e0tic amb informaci\u00f3 de les activitats de ALUMINIS MONTPER, dels seus serveis i de les activitats dels seus socis, sempre que no ens hagi indicat que no vol rebre aquest tipus d&#8217;informaci\u00f3.<\/li>\n<li><strong>Cessions:<\/strong> ALUMINIS MONTPER realitzar\u00e0 cessions de dades sempre que ho exigeixi la legislaci\u00f3 vigent per atendre les seves obligacions legals amb les diferents administracions competents. Aix\u00ed mateix, l&#8217;usuari autoritza la comunicaci\u00f3 o cessi\u00f3 de les seves dades a les persones, societats i\/o organismes que siguin necessaris per aconseguir les finalitats recollides en el punt 3.<\/li>\n<li><strong>Mesures de seguretat:<\/strong> ALUMINIS MONTPER li informa que ha adoptat les mesures t\u00e8cniques i organitzatives necess\u00e0ries per mantenir el nivell de seguretat requerit en el tractament de les dades de car\u00e0cter personal i tamb\u00e9 t\u00e9 els mecanismes necessaris per prevenir, en la mesura en qu\u00e8 sigui \u200b\u200bpossible, l&#8217;acc\u00e9s no autoritzat, robatori, modificacions il\u00b7l\u00edcites i la p\u00e8rdua de dades.<\/li>\n<li><strong>Confidencialitat:<\/strong> En compliment de la normativa vigent, ALUMINIS MONTPER es compromet al compliment de la seva obligaci\u00f3 de secret respecte de les dades personals que l&#8217;usuari li faciliti.<\/li>\n<li><strong>Cookies:<\/strong> ALUMINIS MONTPER utilitza cookies durant la navegaci\u00f3 per la seva p\u00e0gina web. L&#8217;usuari pot configurar el seu navegador per ser avisat de la utilitzaci\u00f3 de cookies i per evitar el seu \u00fas. Per favor, visiti la nostra Pol\u00edtica sobre cookies.<\/li>\n<li><strong>Actualitzaci\u00f3 de la Pol\u00edtica de Privadesa:<\/strong> ALUMINIS MONTPER pot modificar i actualitzar aquesta Pol\u00edtica de Privadesa a qualsevol moment. Comprovi sempre que est\u00e0 al corrent de la nostra Pol\u00edtica de Privadesa.<\/li>\n<\/ol>\n","protected":false},"excerpt":{"rendered":"<p>ALUMINIS MONTPER es compromet a protegir la privadesa dels usuaris que accedeixin a aquesta web i\/o qualsevol dels seus serveis. La utilitzaci\u00f3 de la web i\/o de qualsevol dels serveis oferts per ALUMINIS MONTPER, implica l&#8217;acceptaci\u00f3 per l&#8217;usuari de les disposicions contingudes en la present Pol\u00edtica de Privadesa i que les seves dades personals siguin [&hellip;]<\/p>\n","protected":false},"author":2,"featured_media":0,"parent":0,"menu_order":0,"comment_status":"closed","ping_status":"closed","template":"","meta":{"footnotes":""},"class_list":["post-703","page","type-page","status-publish","hentry"],"_links":{"self":[{"href":"https:\/\/aluminismontper.com\/ca\/wp-json\/wp\/v2\/pages\/703","targetHints":{"allow":["GET"]}}],"collection":[{"href":"https:\/\/aluminismontper.com\/ca\/wp-json\/wp\/v2\/pages"}],"about":[{"href":"https:\/\/aluminismontper.com\/ca\/wp-json\/wp\/v2\/types\/page"}],"author":[{"embeddable":true,"href":"https:\/\/aluminismontper.com\/ca\/wp-json\/wp\/v2\/users\/2"}],"replies":[{"embeddable":true,"href":"https:\/\/aluminismontper.com\/ca\/wp-json\/wp\/v2\/comments?post=703"}],"version-history":[{"count":1,"href":"https:\/\/aluminismontper.com\/ca\/wp-json\/wp\/v2\/pages\/703\/revisions"}],"predecessor-version":[{"id":2657,"href":"https:\/\/aluminismontper.com\/ca\/wp-json\/wp\/v2\/pages\/703\/revisions\/2657"}],"wp:attachment":[{"href":"https:\/\/aluminismontper.com\/ca\/wp-json\/wp\/v2\/media?parent=703"}],"curies":[{"name":"wp","href":"https:\/\/api.w.org\/{rel}","templated":true}]}}