{"id":708,"date":"2016-11-08T00:26:30","date_gmt":"2016-11-07T23:26:30","guid":{"rendered":"http:\/\/aluminismontper.com\/ca\/politica-de-cookies\/"},"modified":"2017-05-11T20:53:34","modified_gmt":"2017-05-11T18:53:34","slug":"politica-de-cookies","status":"publish","type":"page","link":"https:\/\/aluminismontper.com\/ca\/politica-de-cookies\/","title":{"rendered":"Pol\u00edtica de cookies"},"content":{"rendered":"<p>Aquest lloc web <strong>aluminismontper.com<\/strong> utilitza una tecnologia anomenada &#8220;cookie&#8221;, amb la finalitat de poder obtenir informaci\u00f3 sobre l&#8217;\u00fas del lloc web, millorar l&#8217;experi\u00e8ncia de l&#8217;usuari i garantir el seu correcte funcionament.<\/p>\n<p><strong>Definici\u00f3 de Cookie<\/strong><\/p>\n<p>Una &#8220;cookie&#8221; \u00e9s un petit fragment de text que els llocs web envien al navegador i que s&#8217;emmagatzemen en el terminal de l&#8217;usuari, (ordinador o dispositiu m\u00f2bil). Aquests arxius tenen la finalitat d&#8217;emmagatzemar dades que podran ser actualitzats i recuperades per l&#8217;entitat responsable de la seva instal\u00b7laci\u00f3. Aix\u00ed, cada vegada que l&#8217;usuari torna a visitar el mateix lloc web, l&#8217;explorador recupera l&#8217;arxiu i ho envia al servidor del lloc web. Les cookies tenen diverses funcions entre les quals s&#8217;inclouen, la de recollir informaci\u00f3 sobre les prefer\u00e8ncies de l&#8217;usuari i recordar-la, i en general, facilitar l&#8217;\u00fas del lloc web a l&#8217;usuari fent que el lloc sigui m\u00e9s \u00fatil en personalitzar el seu contingut.<\/p>\n<p>Les cookies es poden classificar sobre la base de diferents par\u00e0metres:<\/p>\n<p>1. &#8211; Titularitat: cookies pr\u00f2pies i cookies de tercers: depenent de quin sigui l&#8217;entitat que gestioni el domini des d&#8217;on s&#8217;envien les cookies i es tractin les dades que s&#8217;obtinguin.<\/p>\n<p>2. &#8211; Durada: cookies de sessi\u00f3 i cookies persistents: d&#8217;acord amb el termini de temps que romanen emmagatzemades en el terminal de l&#8217;usuari.<\/p>\n<p>3. &#8211; Finalitat: cookies t\u00e8cniques, cookies de personalitzaci\u00f3, cookies d&#8217;an\u00e0lisi, cookies publicit\u00e0ries, cookies de publicitat comportamental, d&#8217;acord amb la finalitat per la qual es tractin les dades obtingudes.<\/p>\n<ul>\n<li>Cookies t\u00e8cniques: S\u00f3n aquelles que permeten a l&#8217;usuari la navegaci\u00f3 a trav\u00e9s de la p\u00e0gina web o aplicaci\u00f3 i la utilitzaci\u00f3 de les diferents opcions o serveis que en ella existeixen. Per exemple, controlar el tr\u00e0fic i la comunicaci\u00f3 de dades, identificar la sessi\u00f3 o accedir a les parts web d&#8217;acc\u00e9s restringit.<\/li>\n<li>Cookies de personalitzaci\u00f3: S\u00f3n aquelles que permeten a l&#8217;usuari accedir al servei amb algunes caracter\u00edstiques de car\u00e0cter general predefinides en la seva terminal o que el propi usuari defineixi. Per exemple, l&#8217;idioma, el tipus de navegador a trav\u00e9s del com accedeix al servei o el disseny de continguts seleccionat.<\/li>\n<li>Cookies d&#8217;an\u00e0lisi: S\u00f3n aquelles que o ben tractades per nosaltres o per tercers, ens permeten quantificar el nombre d&#8217;usuaris i aix\u00ed realitzar l&#8217;an\u00e0lisi estad\u00edstica de la utilitzaci\u00f3 que fan els usuaris del servei ofert. Per a aix\u00f2 s&#8217;analitza la seva navegaci\u00f3 a la nostra p\u00e0gina web per millorar l&#8217;oferta de productes o serveis que li oferim.<\/li>\n<li>Cookies publicit\u00e0ries: S\u00f3n aquelles que permeten la gesti\u00f3, de la forma m\u00e9s efica\u00e7 possible, els espais publicitaris que, si escau, l&#8217;editor hagi incl\u00f2s en una p\u00e0gina web, aplicaci\u00f3 o plataforma des de la qual presta el servei sol\u00b7licitat sobre la base de criteris com el contingut editat o la freq\u00fc\u00e8ncia en al fet que es mostren els anuncis.<\/li>\n<li>Cookies de publicitat comportamental: S\u00f3n aquelles que permeten la gesti\u00f3, de la manera m\u00e9s efica\u00e7 possible, dels espais publicitaris que, si escau, l&#8217;editor hagi incl\u00f2s en una p\u00e0gina web, aplicaci\u00f3 o plataforma des de la qual presta el servei sol\u00b7licitat. Aquestes cookies emmagatzemen informaci\u00f3 del comportament dels usuaris obtinguda a trav\u00e9s de l&#8217;observaci\u00f3 continuada dels seus h\u00e0bits de navegaci\u00f3, la qual cosa permet desenvolupar un perfil espec\u00edfic per mostrar publicitat en funci\u00f3 del mateix.<\/li>\n<\/ul>\n<p><strong> Cookies utilitzades en el nostre lloc web<\/strong><\/p>\n<p>El nostre lloc web utilitza tant cookies pr\u00f2pies, que s\u00f3n les enviades al seu ordinador i gestionades exclusivament per nosaltres per al millor funcionament del lloc web, com cookies de tercers, amb la funci\u00f3 de servir-nos com a eina d&#8217;an\u00e0lisi de la interacci\u00f3 els usuaris amb la nostra web, gr\u00e0cies a elles obtenim una informaci\u00f3 que pot ajudar a millorar la navegaci\u00f3 i donar un millor servei als usuaris. El nostre lloc utilitza tant cookies temporals de sessi\u00f3 com cookies persistents. Les cookies de sessi\u00f3 emmagatzemen dades \u00fanicament mentre l&#8217;usuari accedeix a la web i les cookies persistents emmagatzemen les dades en el terminal perqu\u00e8 siguin accedides i utilitzades en m\u00e9s d&#8217;una sessi\u00f3. Concretament les cookies que utilitzem en el nostre lloc web s\u00f3n:<\/p>\n<p><strong>Cookies pr\u00f2pies:<\/strong><\/p>\n<table>\n<tbody>\n<tr>\n<td>Nom<\/td>\n<td>Finalitat<\/td>\n<td>Durada<\/td>\n<\/tr>\n<tr>\n<td>wp-settings-1<\/td>\n<td>Informaci\u00f3 de la part interna de la web.<\/td>\n<td>48 hores o tancament del navegador.<\/td>\n<\/tr>\n<tr>\n<td>wp-settings-estafi-1<\/td>\n<td>Personalitzar la interf\u00edcie d&#8217;usuari.<\/td>\n<td>\n<p lang=\"es-ES\" align=\"LEFT\">48 hores o tancament del navegador<\/p>\n<p lang=\"es-ES\" align=\"LEFT\">14 dies en marcar la casella en l&#8217;acc\u00e9s de \u201crecorda&#8217;m\u201c.<\/p>\n<\/td>\n<\/tr>\n<\/tbody>\n<\/table>\n<p><strong>Cookies de tercers:<\/strong><\/p>\n<table>\n<tbody>\n<tr>\n<td>NOM<\/td>\n<td>TITULAR<\/td>\n<td>FINALITAT<\/td>\n<td>DURACI\u00d3<\/td>\n<\/tr>\n<tr>\n<td>_gat<\/td>\n<td>Google Inc.<\/td>\n<td>S&#8217;usa per limitar el percentatge de sol\u00b7licituds.<\/td>\n<td>10 minuts<\/td>\n<\/tr>\n<tr>\n<td><\/td>\n<td>Google Inc. (Youtube)<\/td>\n<td>Cont\u00e9 un identificador \u00fanic per permetre el control de visites a v\u00eddeos de Youtube.<\/td>\n<td>8 mesos<\/td>\n<\/tr>\n<tr>\n<td><\/td>\n<td>YSC<\/td>\n<td>Cont\u00e9 un identificador \u00fanic per permetre el control de visites a v\u00eddeos de Youtube.<\/td>\n<td>sessi\u00f3<\/td>\n<\/tr>\n<tr>\n<td>_ga<\/td>\n<td>Google Inc.<\/td>\n<td>Distingeix entre usuaris. Habilita la funci\u00f3 de control de visites \u00faniques. La primera vegada que un usuari entri en el lloc web a trav\u00e9s d&#8217;un navegador s&#8217;instal\u00b7lar\u00e0 aquesta cookie. Quan aquest usuari torni a entrar a la web amb el mateix navegador, la cookie considerar\u00e0 que \u00e9s el mateix usuari. Nom\u00e9s en el cas que l&#8217;usuari canvi\u00ef de navegador es considerar\u00e0 un altre usuari.<\/td>\n<td>2 anys<\/td>\n<\/tr>\n<tr>\n<td>_utma<\/td>\n<td>Google Inc.<\/td>\n<td>S&#8217;usa per distingir usuaris i sessions. La cookie es crea quan s&#8217;executa la biblioteca Javascript i no hi ha cap cookie __utma. La cookie s&#8217;actualitza cada vegada que s&#8217;envien dades a Google Analytics.<\/td>\n<td>2 anys a partir de la configuraci\u00f3 o actualitzaci\u00f3.<\/td>\n<\/tr>\n<tr>\n<td>_utmz<\/td>\n<td>Google Inc.<\/td>\n<td>Emmagatzema la font de tr\u00e0fic o la campanya que explica com ha arribat l&#8217;usuari al lloc. La cookie es crea quan s&#8217;executa la biblioteca Javascript i s&#8217;actualitza cada vegada que s&#8217;envien dades a Google Analytics.<\/td>\n<td>Sis mesos a partir de la configuraci\u00f3 o actualitzaci\u00f3<\/td>\n<\/tr>\n<tr>\n<td>_utmb<\/td>\n<td>Google Inc.<\/td>\n<td>S&#8217;usa per determinar noves sessions o visites. La cookie es crea quan s&#8217;executa la biblioteca Javascript i no hi ha cap cookie __utmb. La cookie s&#8217;actualitza cada vegada que s&#8217;envien dades a Google Analytics.<\/td>\n<td>30 minuts a partir de la configuraci\u00f3 o actualitzaci\u00f3<\/td>\n<\/tr>\n<tr>\n<td>_utmc<\/td>\n<td>Google Inc.<\/td>\n<td>No s&#8217;usa en ga.js. Es configura per interactuar amb urchin.js. Anteriorment, aquesta cookie actuava juntament amb la cookie <code>__utmb<\/code> per determinar si l&#8217;usuari estava en una nova sessi\u00f3 o visita.<\/td>\n<td>Fi de la sessi\u00f3 del navegador<\/td>\n<\/tr>\n<tr>\n<td>_utz<\/td>\n<td>Google Inc.<\/td>\n<td>S&#8217;usa per emmagatzemar dades de variables personalitzades de visitant. Aquesta cookie es crea quan un programador usa el m\u00e8tode <code>_setCustomVar<\/code> amb una variable personalitzada de visitant. Tamb\u00e9 s&#8217;usava per al m\u00e8tode <code>_setVar<\/code> retirat. La cookie s&#8217;actualitza cada vegada que s&#8217;envien dades a Google Analytics.<\/td>\n<td>Dos anys a partir de la configuraci\u00f3 o actualitzaci\u00f3<\/td>\n<\/tr>\n<\/tbody>\n<\/table>\n<p>La cookie &#8220;__ga&#8221;, la utilitza Google Analytics per recopilar informaci\u00f3 de forma an\u00f2nima i elaborar informes de tend\u00e8ncies del lloc web sense identificar usuaris individuals.<\/p>\n<p>A continuaci\u00f3 incloem un enlla\u00e7 al lloc web de Google on pot consultar la descripci\u00f3 del tipus de cookies que utilitza Google Analitycs: https:\/\/developers.google.com\/analytics\/devguides\/collection\/analyticsjs\/cookie-usage?hl=es. Tamb\u00e9 incloem un enlla\u00e7 al lloc web de &#8220;Google&#8221; on pot consultar la seva pol\u00edtica de privadesa: http:\/\/www.google.\u00e9s\/intl\/\u00e9s\/policies\/technologies\/types\/<\/p>\n<p>A continuaci\u00f3 incloem un enlla\u00e7 al lloc web de &#8220;Google&#8221; on pot consultar la seva pol\u00edtica de privadesa: http:\/\/www.google.es\/intl\/es\/policies\/technologies\/types\/<\/p>\n<p><strong>Consentiment<\/strong><\/p>\n<p>En navegar i continuar en el nostre lloc web l&#8217;usuari estar\u00e0 consentint l&#8217;\u00fas de les cookies abans enunciades, pels terminis assenyalats i en les condicions contingudes en la present Pol\u00edtica sobre Cookies.<\/p>\n<p><strong>Retirada del consentiment<\/strong><\/p>\n<p>L&#8217;usuari podr\u00e0 retirar a qualsevol moment el seu consentiment relacionat amb aquesta Pol\u00edtica sobre Cookies, per a aix\u00f2 haur\u00e0 d&#8217;eliminar les cookies emmagatzemades en el seu equip utilitzant els ajustos i configuracions del seu navegador d&#8217;Internet.<\/p>\n<p><strong>Modificaci\u00f3 de la configuraci\u00f3 de les cookies<\/strong><\/p>\n<p>L&#8217;usuari pot restringir, bloquejar o esborrar les cookies de qualsevol lloc web, utilitzant el seu navegador<\/p>\n","protected":false},"excerpt":{"rendered":"<p>Aquest lloc web aluminismontper.com utilitza una tecnologia anomenada &#8220;cookie&#8221;, amb la finalitat de poder obtenir informaci\u00f3 sobre l&#8217;\u00fas del lloc web, millorar l&#8217;experi\u00e8ncia de l&#8217;usuari i garantir el seu correcte funcionament. Definici\u00f3 de Cookie Una &#8220;cookie&#8221; \u00e9s un petit fragment de text que els llocs web envien al navegador i que s&#8217;emmagatzemen en el terminal [&hellip;]<\/p>\n","protected":false},"author":2,"featured_media":0,"parent":0,"menu_order":0,"comment_status":"closed","ping_status":"closed","template":"","meta":{"footnotes":""},"class_list":["post-708","page","type-page","status-publish","hentry"],"_links":{"self":[{"href":"https:\/\/aluminismontper.com\/ca\/wp-json\/wp\/v2\/pages\/708","targetHints":{"allow":["GET"]}}],"collection":[{"href":"https:\/\/aluminismontper.com\/ca\/wp-json\/wp\/v2\/pages"}],"about":[{"href":"https:\/\/aluminismontper.com\/ca\/wp-json\/wp\/v2\/types\/page"}],"author":[{"embeddable":true,"href":"https:\/\/aluminismontper.com\/ca\/wp-json\/wp\/v2\/users\/2"}],"replies":[{"embeddable":true,"href":"https:\/\/aluminismontper.com\/ca\/wp-json\/wp\/v2\/comments?post=708"}],"version-history":[{"count":0,"href":"https:\/\/aluminismontper.com\/ca\/wp-json\/wp\/v2\/pages\/708\/revisions"}],"wp:attachment":[{"href":"https:\/\/aluminismontper.com\/ca\/wp-json\/wp\/v2\/media?parent=708"}],"curies":[{"name":"wp","href":"https:\/\/api.w.org\/{rel}","templated":true}]}}